{"id":101215,"date":"2021-08-27T10:40:59","date_gmt":"2021-08-27T08:40:59","guid":{"rendered":"https:\/\/www.pentek.it\/?page_id=101215"},"modified":"2023-05-09T10:31:48","modified_gmt":"2023-05-09T08:31:48","slug":"k-booster","status":"publish","type":"page","link":"https:\/\/www.pentek.it\/it\/prodotti\/k-booster\/","title":{"rendered":"K-Booster"},"content":{"rendered":"<div class=\"wpb-content-wrapper\"><p>[vc_row][vc_column width=&#8221;1\/1&#8243;][uncode_block id=&#8221;105328&#8243;][\/vc_column][\/vc_row][vc_row unlock_row_content=&#8221;yes&#8221; row_height_percent=&#8221;0&#8243; override_padding=&#8221;yes&#8221; h_padding=&#8221;1&#8243; top_padding=&#8221;0&#8243; bottom_padding=&#8221;0&#8243; overlay_alpha=&#8221;50&#8243; gutter_size=&#8221;3&#8243; column_width_percent=&#8221;100&#8243; shift_y=&#8221;0&#8243; z_index=&#8221;0&#8243; mobile_visibility=&#8221;yes&#8221; uncode_shortcode_id=&#8221;130587&#8243; css=&#8221;.vc_custom_1642522679143{margin-top: 0px !important;margin-bottom: 0px !important;padding-top: 0px !important;padding-bottom: 0px !important;}&#8221;][vc_column column_width_percent=&#8221;100&#8243; position_vertical=&#8221;middle&#8221; align_horizontal=&#8221;align_center&#8221; gutter_size=&#8221;0&#8243; override_padding=&#8221;yes&#8221; column_padding=&#8221;0&#8243; back_color=&#8221;color-rgdb&#8221; overlay_alpha=&#8221;50&#8243; shift_x=&#8221;0&#8243; shift_y=&#8221;-1&#8243; shift_y_down=&#8221;0&#8243; z_index=&#8221;0&#8243; medium_width=&#8221;0&#8243; mobile_width=&#8221;0&#8243; css_animation=&#8221;top-t-bottom&#8221; animation_speed=&#8221;600&#8243; animation_delay=&#8221;300&#8243; width=&#8221;1\/1&#8243; uncode_shortcode_id=&#8221;198128&#8243; css=&#8221;.vc_custom_1642516262573{border-bottom-width: 0px !important;padding-top: 10px !important;padding-bottom: 0px !important;}&#8221; back_color_type=&#8221;uncode-palette&#8221;][vc_gallery el_id=&#8221;gallery-179325&#8243; type=&#8221;carousel&#8221; medias=&#8221;103617,103618,103619,103620,103621,103713,103622,103623,103624&#8243; carousel_lg=&#8221;9&#8243; carousel_md=&#8221;9&#8243; carousel_sm=&#8221;1&#8243; gutter_size=&#8221;0&#8243; media_items=&#8221;media|nolink|original&#8221; carousel_v_align=&#8221;bottom&#8221; carousel_interval=&#8221;3000&#8243; carousel_navspeed=&#8221;400&#8243; stage_padding=&#8221;0&#8243; single_overlay_opacity=&#8221;50&#8243; single_padding=&#8221;0&#8243; single_border=&#8221;yes&#8221; uncode_shortcode_id=&#8221;608525&#8243;][\/vc_column][\/vc_row][vc_row unlock_row_content=&#8221;yes&#8221; row_height_percent=&#8221;100&#8243; override_padding=&#8221;yes&#8221; h_padding=&#8221;7&#8243; top_padding=&#8221;7&#8243; bottom_padding=&#8221;7&#8243; back_image=&#8221;105617&#8243; back_position=&#8221;center center&#8221; overlay_alpha=&#8221;50&#8243; gutter_size=&#8221;3&#8243; column_width_percent=&#8221;100&#8243; shift_y=&#8221;0&#8243; z_index=&#8221;0&#8243; row_height_pixel=&#8221;400&#8243; uncode_shortcode_id=&#8221;421042&#8243; shape_dividers=&#8221;&#8221;][vc_column column_width_percent=&#8221;100&#8243; position_vertical=&#8221;middle&#8221; gutter_size=&#8221;3&#8243; overlay_alpha=&#8221;50&#8243; shift_x=&#8221;0&#8243; shift_y=&#8221;0&#8243; shift_y_down=&#8221;0&#8243; z_index=&#8221;0&#8243; medium_width=&#8221;0&#8243; mobile_width=&#8221;0&#8243; width=&#8221;1\/1&#8243;][\/vc_column][\/vc_row][vc_row row_height_percent=&#8221;0&#8243; override_padding=&#8221;yes&#8221; h_padding=&#8221;1&#8243; top_padding=&#8221;1&#8243; bottom_padding=&#8221;1&#8243; overlay_alpha=&#8221;50&#8243; gutter_size=&#8221;3&#8243; column_width_percent=&#8221;100&#8243; shift_y=&#8221;0&#8243; z_index=&#8221;0&#8243;][vc_column column_width_percent=&#8221;100&#8243; position_vertical=&#8221;middle&#8221; gutter_size=&#8221;3&#8243; override_padding=&#8221;yes&#8221; column_padding=&#8221;2&#8243; overlay_alpha=&#8221;50&#8243; shift_x=&#8221;0&#8243; shift_y=&#8221;0&#8243; shift_y_down=&#8221;0&#8243; z_index=&#8221;0&#8243; medium_width=&#8221;0&#8243; mobile_width=&#8221;0&#8243; width=&#8221;1\/1&#8243;][vc_row_inner][vc_column_inner width=&#8221;1\/3&#8243;][vc_single_image media=&#8221;437&#8243; media_width_percent=&#8221;100&#8243; css_animation=&#8221;bottom-t-top&#8221; animation_speed=&#8221;700&#8243; uncode_shortcode_id=&#8221;161515&#8243;][\/vc_column_inner][vc_column_inner column_width_percent=&#8221;100&#8243; position_vertical=&#8221;bottom&#8221; gutter_size=&#8221;3&#8243; style=&#8221;dark&#8221; overlay_alpha=&#8221;50&#8243; shift_x=&#8221;0&#8243; shift_y=&#8221;0&#8243; shift_y_down=&#8221;0&#8243; z_index=&#8221;0&#8243; medium_width=&#8221;0&#8243; mobile_width=&#8221;0&#8243; width=&#8221;1\/3&#8243;][\/vc_column_inner][vc_column_inner width=&#8221;1\/3&#8243;][\/vc_column_inner][\/vc_row_inner][\/vc_column][\/vc_row][vc_row row_height_percent=&#8221;0&#8243; overlay_alpha=&#8221;50&#8243; equal_height=&#8221;yes&#8221; gutter_size=&#8221;3&#8243; column_width_percent=&#8221;100&#8243; shift_y=&#8221;0&#8243; z_index=&#8221;0&#8243;][vc_column column_width_percent=&#8221;100&#8243; position_vertical=&#8221;middle&#8221; gutter_size=&#8221;3&#8243; overlay_alpha=&#8221;50&#8243; shift_x=&#8221;0&#8243; shift_y=&#8221;0&#8243; shift_y_down=&#8221;0&#8243; z_index=&#8221;0&#8243; medium_width=&#8221;0&#8243; mobile_width=&#8221;0&#8243; css_animation=&#8221;alpha-anim&#8221; animation_delay=&#8221;400&#8243; width=&#8221;1\/1&#8243;][vc_custom_heading text_size=&#8221;h5&#8243; uncode_shortcode_id=&#8221;329604&#8243;]K-BOOSTER nasce come unit\u00e0 ausiliaria ed efficiente di essiccazione, per esigenze di elevata produttivit\u00e0 e sensibilit\u00e0 al costo al metro, secondo una filosofia di processo sostenibile, oggi irrinunciabile.<br \/>\nK-Booster, quindi, segue una logica di modularit\u00e0 (1 o 2 camere) per potersi adattare alle diverse esigenze produttive, ma vista l&#8217;enorme capacit\u00e0 di evaporazione in uno spazio ridottissimo, pu\u00f2 essere concepito anche come unit\u00e0 stand alone per pura essiccazione.<br \/>\nIl concetto costruttivo segue le moderne tecnologie della ramosa, con la presenza di soffierie per investire il tessuto su entrambi i lati. Il componente altamente innovativo risiede in un percorso multiplo verticale anzich\u00e9 lineare e orizzontale, consentendo un massimo rapporto tra spazi e contenuto di tessuto, massimizzando la capacit\u00e0 evaporativa, con soluzioni di aspirazione forzata (Smart Vacuum) e ricircolo interno come in una ramosa<br \/>\nOgni modulo contiene 15 metri di tessuto (pari a 5 campi di ramosa) in uno spazio di poco pi\u00f9 di 2 metri, con 600 kw di potenza termica installata e 2 motori da 22 kw.<br \/>\nConcepito come modulo di una linea o unit\u00e0 separata, K-BOOSTER si dota di entrata sia da gruppo centro-allargatore che da sensore a controllo d\u2019ansa. In uscita, allo stesso modo pu\u00f2 essere dotato di un sensore di sincronismo a infrarosso oppure dotarsi di faldatore per uscita indipendente.<br \/>\nQuadro elettrico e pannello di controllo possono essere solidali al K-BOOSTER o inseriti nel quadro centralizzato della linea.<br \/>\nK-BOOSTER risulta il complemento ideale alle nostre linee di tumbling, laddove si richieda di ottimizzare il processo e arrivare a un grado ideale di umidit\u00e0 residuale tale da ottenere i migliori effetti dal processo di tumbling successivo.<br \/>\nK-BOOSTER \u00e8 altres\u00ec utilizzabile come asciugante a s\u00e9 per tessuti a navetta, come fine linea di lavaggio in virt\u00f9 dei suoi spazi ridottissimi ed enorme capacit\u00e0 evaporativa.<br \/>\nCiascun modulo raggiunge evaporati elevatissimi, fino a 360 kg\/h, evidentemente variabili in funzione dell\u2019aria e temperature impostate.[\/vc_custom_heading][\/vc_column][\/vc_row][vc_row row_height_percent=&#8221;0&#8243; override_padding=&#8221;yes&#8221; h_padding=&#8221;2&#8243; top_padding=&#8221;3&#8243; bottom_padding=&#8221;3&#8243; back_color=&#8221;color-wayh&#8221; overlay_alpha=&#8221;50&#8243; equal_height=&#8221;yes&#8221; gutter_size=&#8221;3&#8243; column_width_percent=&#8221;100&#8243; shift_y=&#8221;0&#8243; z_index=&#8221;0&#8243; uncode_shortcode_id=&#8221;779743&#8243; back_color_type=&#8221;uncode-palette&#8221;][vc_column column_width_percent=&#8221;100&#8243; position_vertical=&#8221;middle&#8221; gutter_size=&#8221;3&#8243; overlay_alpha=&#8221;50&#8243; shift_x=&#8221;0&#8243; shift_y=&#8221;0&#8243; shift_y_down=&#8221;0&#8243; z_index=&#8221;0&#8243; medium_width=&#8221;0&#8243; mobile_width=&#8221;0&#8243; css_animation=&#8221;alpha-anim&#8221; animation_delay=&#8221;400&#8243; width=&#8221;1\/1&#8243;][vc_custom_heading text_size=&#8221;h3&#8243; text_weight=&#8221;600&#8243; text_transform=&#8221;uppercase&#8221; subheading=&#8221;La modularit\u00e0 di K-Booster permette un\u2019enorme versatilit\u00e0 di utilizzo per asciugatura efficiente e compatta, sia in modalit\u00e0 di linea che come unit\u00e0 a s\u00e9 stante:&#8221; uncode_shortcode_id=&#8221;105256&#8243;]Applicazioni[\/vc_custom_heading][vc_column_text uncode_shortcode_id=&#8221;139677&#8243;]<strong>PRE O POST ASCIUGATURA:<\/strong><br \/>\nPre-asciugatura per eliminazione dell\u2019umidit\u00e0 non funzionale al successivo step oppure asciugante a fine lavaggio.<\/p>\n<p><strong>ASCIUGANTE MODULARE INDIPENDENTE:<\/strong><br \/>\nAsciugante efficiente e compatta per necessit\u00e0 di rapide essiccazioni in poco spazio.[\/vc_column_text][uncode_list icon=&#8221;fa fa-asterisk&#8221; css_animation=&#8221;bottom-t-top&#8221; uncode_shortcode_id=&#8221;826522&#8243;]<\/p>\n<ul>\n<li><strong>Serici:\u00a0<\/strong>Essicatoio compatto a fine linea di lavaggio per tessuti a navetta<\/li>\n<li><strong>Home Textiles:\u00a0<\/strong>Massima efficacia di pre-asciugamento (de-watering) per assicurare alla linea di tumbling il grado ideale di umidit\u00e0 residua, efficientando produttivit\u00e0 e consumi<\/li>\n<\/ul>\n<p>[\/uncode_list][\/vc_column][\/vc_row][vc_row unlock_row_content=&#8221;yes&#8221; row_height_percent=&#8221;40&#8243; override_padding=&#8221;yes&#8221; h_padding=&#8221;7&#8243; top_padding=&#8221;7&#8243; bottom_padding=&#8221;7&#8243; back_image=&#8221;103608&#8243; back_position=&#8221;center top&#8221; parallax=&#8221;yes&#8221; overlay_alpha=&#8221;50&#8243; gutter_size=&#8221;3&#8243; column_width_percent=&#8221;100&#8243; shift_y=&#8221;0&#8243; z_index=&#8221;0&#8243; row_height_pixel=&#8221;400&#8243; uncode_shortcode_id=&#8221;840631&#8243;][vc_column column_width_percent=&#8221;100&#8243; position_vertical=&#8221;middle&#8221; gutter_size=&#8221;3&#8243; overlay_alpha=&#8221;50&#8243; shift_x=&#8221;0&#8243; shift_y=&#8221;0&#8243; shift_y_down=&#8221;0&#8243; z_index=&#8221;0&#8243; medium_width=&#8221;0&#8243; mobile_width=&#8221;0&#8243; width=&#8221;1\/1&#8243; uncode_shortcode_id=&#8221;872817&#8243;][\/vc_column][\/vc_row][vc_row row_height_percent=&#8221;0&#8243; override_padding=&#8221;yes&#8221; h_padding=&#8221;2&#8243; top_padding=&#8221;3&#8243; bottom_padding=&#8221;3&#8243; back_color=&#8221;color-jevc&#8221; overlay_alpha=&#8221;50&#8243; equal_height=&#8221;yes&#8221; gutter_size=&#8221;3&#8243; column_width_percent=&#8221;100&#8243; shift_y=&#8221;0&#8243; z_index=&#8221;0&#8243; uncode_shortcode_id=&#8221;912438&#8243; back_color_type=&#8221;uncode-palette&#8221;][vc_column column_width_percent=&#8221;100&#8243; position_vertical=&#8221;middle&#8221; gutter_size=&#8221;3&#8243; overlay_alpha=&#8221;50&#8243; shift_x=&#8221;0&#8243; shift_y=&#8221;0&#8243; shift_y_down=&#8221;0&#8243; z_index=&#8221;0&#8243; medium_width=&#8221;0&#8243; mobile_width=&#8221;0&#8243; css_animation=&#8221;alpha-anim&#8221; animation_delay=&#8221;400&#8243; width=&#8221;1\/1&#8243;][vc_custom_heading text_size=&#8221;h3&#8243; text_weight=&#8221;600&#8243; text_transform=&#8221;uppercase&#8221; subheading=&#8221;K-BOOSTER \u00e8 disponibile in 1 o 2 moduli:&#8221; uncode_shortcode_id=&#8221;131852&#8243;]Modelli e possibili linee continue[\/vc_custom_heading][vc_row_inner][vc_column_inner column_width_percent=&#8221;100&#8243; gutter_size=&#8221;3&#8243; overlay_alpha=&#8221;50&#8243; shift_x=&#8221;0&#8243; shift_y=&#8221;0&#8243; shift_y_down=&#8221;0&#8243; z_index=&#8221;0&#8243; medium_width=&#8221;0&#8243; mobile_width=&#8221;0&#8243; css_animation=&#8221;alpha-anim&#8221; animation_delay=&#8221;400&#8243; width=&#8221;1\/4&#8243;][vc_single_image media=&#8221;103370&#8243; media_width_percent=&#8221;100&#8243; uncode_shortcode_id=&#8221;196495&#8243;][\/vc_column_inner][vc_column_inner column_width_percent=&#8221;100&#8243; position_vertical=&#8221;middle&#8221; gutter_size=&#8221;3&#8243; overlay_alpha=&#8221;50&#8243; shift_x=&#8221;0&#8243; shift_y=&#8221;0&#8243; shift_y_down=&#8221;0&#8243; z_index=&#8221;0&#8243; medium_width=&#8221;0&#8243; mobile_width=&#8221;0&#8243; css_animation=&#8221;bottom-t-top&#8221; animation_speed=&#8221;600&#8243; width=&#8221;3\/4&#8243; uncode_shortcode_id=&#8221;112658&#8243;][vc_custom_heading text_size=&#8221;h6&#8243; uncode_shortcode_id=&#8221;124508&#8243;]K-Booster 1 = 15 m contenuto, 600 kw, 360 k\/h evaporato[\/vc_custom_heading][\/vc_column_inner][\/vc_row_inner][vc_row_inner][vc_column_inner column_width_percent=&#8221;100&#8243; gutter_size=&#8221;3&#8243; overlay_alpha=&#8221;50&#8243; shift_x=&#8221;0&#8243; shift_y=&#8221;0&#8243; shift_y_down=&#8221;0&#8243; z_index=&#8221;0&#8243; medium_width=&#8221;0&#8243; mobile_width=&#8221;0&#8243; css_animation=&#8221;alpha-anim&#8221; animation_delay=&#8221;400&#8243; width=&#8221;1\/4&#8243;][vc_single_image media=&#8221;103369&#8243; media_width_percent=&#8221;100&#8243; uncode_shortcode_id=&#8221;141614&#8243;][\/vc_column_inner][vc_column_inner column_width_percent=&#8221;100&#8243; position_vertical=&#8221;middle&#8221; gutter_size=&#8221;3&#8243; overlay_alpha=&#8221;50&#8243; shift_x=&#8221;0&#8243; shift_y=&#8221;0&#8243; shift_y_down=&#8221;0&#8243; z_index=&#8221;0&#8243; medium_width=&#8221;0&#8243; mobile_width=&#8221;0&#8243; css_animation=&#8221;bottom-t-top&#8221; animation_speed=&#8221;600&#8243; width=&#8221;3\/4&#8243; uncode_shortcode_id=&#8221;609080&#8243;][vc_custom_heading text_size=&#8221;h6&#8243; uncode_shortcode_id=&#8221;674282&#8243;]K-Booster 2= 30 m contenuto, 1200 kw, 720 kg\/h evaporato[\/vc_custom_heading][\/vc_column_inner][\/vc_row_inner][\/vc_column][\/vc_row][vc_row row_height_percent=&#8221;0&#8243; override_padding=&#8221;yes&#8221; h_padding=&#8221;2&#8243; top_padding=&#8221;3&#8243; bottom_padding=&#8221;3&#8243; back_color=&#8221;color-wayh&#8221; overlay_alpha=&#8221;50&#8243; equal_height=&#8221;yes&#8221; gutter_size=&#8221;3&#8243; column_width_percent=&#8221;100&#8243; shift_y=&#8221;0&#8243; z_index=&#8221;0&#8243; uncode_shortcode_id=&#8221;190465&#8243; back_color_type=&#8221;uncode-palette&#8221;][vc_column column_width_percent=&#8221;100&#8243; position_vertical=&#8221;middle&#8221; gutter_size=&#8221;3&#8243; overlay_alpha=&#8221;50&#8243; shift_x=&#8221;0&#8243; shift_y=&#8221;0&#8243; shift_y_down=&#8221;0&#8243; z_index=&#8221;0&#8243; medium_width=&#8221;0&#8243; mobile_width=&#8221;0&#8243; css_animation=&#8221;alpha-anim&#8221; animation_delay=&#8221;400&#8243; width=&#8221;1\/1&#8243;][vc_custom_heading text_size=&#8221;h3&#8243; text_weight=&#8221;600&#8243; text_transform=&#8221;uppercase&#8221; subheading=&#8221;Ecco alcuni esempi di installazioni funzionanti nel mondo:&#8221; uncode_shortcode_id=&#8221;109259&#8243;]Esempi di linee installate[\/vc_custom_heading][vc_gallery el_id=&#8221;gallery-955030&#8243; isotope_mode=&#8221;vertical&#8221; medias=&#8221;103821,101879,101880,101881&#8243; gutter_size=&#8221;4&#8243; media_items=&#8221;media|nolink|original&#8221; screen_lg=&#8221;1000&#8243; screen_md=&#8221;600&#8243; screen_sm=&#8221;480&#8243; single_width=&#8221;12&#8243; single_overlay_opacity=&#8221;1&#8243; single_overlay_anim=&#8221;no&#8221; single_text_anim=&#8221;no&#8221; single_image_anim=&#8221;no&#8221; single_padding=&#8221;2&#8243; single_border=&#8221;yes&#8221; single_css_animation=&#8221;bottom-t-top&#8221; uncode_shortcode_id=&#8221;764500&#8243; items=&#8221;eyIxMDE4NzlfaSI6eyJzaW5nbGVfd2lkdGgiOiI2In0sIjEwMTg4MF9pIjp7InNpbmdsZV93aWR0aCI6IjExIn0sIjEwMzgyMV9pIjp7InNpbmdsZV93aWR0aCI6IjQifX0=&#8221;][\/vc_column][\/vc_row]<\/p>\n<\/div>","protected":false},"excerpt":{"rendered":"<p>[vc_row][vc_column width=&#8221;1\/1&#8243;][uncode_block id=&#8221;105328&#8243;][\/vc_column][\/vc_row][vc_row unlock_row_content=&#8221;yes&#8221; row_height_percent=&#8221;0&#8243; override_padding=&#8221;yes&#8221; h_padding=&#8221;1&#8243; top_padding=&#8221;0&#8243; bottom_padding=&#8221;0&#8243; overlay_alpha=&#8221;50&#8243; gutter_size=&#8221;3&#8243; column_width_percent=&#8221;100&#8243; shift_y=&#8221;0&#8243; z_index=&#8221;0&#8243; mobile_visibility=&#8221;yes&#8221; uncode_shortcode_id=&#8221;130587&#8243; css=&#8221;.vc_custom_1642522679143{margin-top: 0px !important;margin-bottom: 0px [&hellip;]<\/p>\n","protected":false},"author":1,"featured_media":0,"parent":14,"menu_order":0,"comment_status":"closed","ping_status":"closed","template":"","meta":{"_monsterinsights_skip_tracking":false,"_monsterinsights_sitenote_active":false,"_monsterinsights_sitenote_note":"","_monsterinsights_sitenote_category":0,"footnotes":""},"class_list":["post-101215","page","type-page","status-publish","hentry","page_category-prodotti"],"yoast_head":"<!-- This site is optimized with the Yoast SEO plugin v27.4 - https:\/\/yoast.com\/product\/yoast-seo-wordpress\/ -->\n<title>K-Booster - Pentek Textile Machinery Srl<\/title>\n<meta name=\"robots\" content=\"index, follow, max-snippet:-1, max-image-preview:large, max-video-preview:-1\" \/>\n<link rel=\"canonical\" href=\"https:\/\/www.pentek.it\/it\/prodotti\/k-booster\/\" \/>\n<meta property=\"og:locale\" content=\"it_IT\" \/>\n<meta property=\"og:type\" content=\"article\" \/>\n<meta property=\"og:title\" content=\"K-Booster - Pentek Textile Machinery Srl\" \/>\n<meta property=\"og:description\" content=\"[vc_row][vc_column width=&#8221;1\/1&#8243;][uncode_block id=&#8221;105328&#8243;][\/vc_column][\/vc_row][vc_row unlock_row_content=&#8221;yes&#8221; row_height_percent=&#8221;0&#8243; override_padding=&#8221;yes&#8221; h_padding=&#8221;1&#8243; top_padding=&#8221;0&#8243; bottom_padding=&#8221;0&#8243; overlay_alpha=&#8221;50&#8243; gutter_size=&#8221;3&#8243; column_width_percent=&#8221;100&#8243; shift_y=&#8221;0&#8243; z_index=&#8221;0&#8243; mobile_visibility=&#8221;yes&#8221; uncode_shortcode_id=&#8221;130587&#8243; css=&#8221;.vc_custom_1642522679143{margin-top: 0px !important;margin-bottom: 0px [&hellip;]\" \/>\n<meta property=\"og:url\" content=\"https:\/\/www.pentek.it\/it\/prodotti\/k-booster\/\" \/>\n<meta property=\"og:site_name\" content=\"Pentek Textile Machinery Srl\" \/>\n<meta property=\"article:publisher\" content=\"https:\/\/www.facebook.com\/pentek.it\" \/>\n<meta property=\"article:modified_time\" content=\"2023-05-09T08:31:48+00:00\" \/>\n<meta name=\"twitter:card\" content=\"summary_large_image\" \/>\n<meta name=\"twitter:label1\" content=\"Tempo di lettura stimato\" \/>\n\t<meta name=\"twitter:data1\" content=\"4 minuti\" \/>\n<script type=\"application\/ld+json\" class=\"yoast-schema-graph\">{\"@context\":\"https:\\\/\\\/schema.org\",\"@graph\":[{\"@type\":\"WebPage\",\"@id\":\"https:\\\/\\\/www.pentek.it\\\/it\\\/prodotti\\\/k-booster\\\/\",\"url\":\"https:\\\/\\\/www.pentek.it\\\/it\\\/prodotti\\\/k-booster\\\/\",\"name\":\"K-Booster - Pentek Textile Machinery Srl\",\"isPartOf\":{\"@id\":\"https:\\\/\\\/www.pentek.it\\\/it\\\/#website\"},\"datePublished\":\"2021-08-27T08:40:59+00:00\",\"dateModified\":\"2023-05-09T08:31:48+00:00\",\"breadcrumb\":{\"@id\":\"https:\\\/\\\/www.pentek.it\\\/it\\\/prodotti\\\/k-booster\\\/#breadcrumb\"},\"inLanguage\":\"it-IT\",\"potentialAction\":[{\"@type\":\"ReadAction\",\"target\":[\"https:\\\/\\\/www.pentek.it\\\/it\\\/prodotti\\\/k-booster\\\/\"]}]},{\"@type\":\"BreadcrumbList\",\"@id\":\"https:\\\/\\\/www.pentek.it\\\/it\\\/prodotti\\\/k-booster\\\/#breadcrumb\",\"itemListElement\":[{\"@type\":\"ListItem\",\"position\":1,\"name\":\"Home\",\"item\":\"https:\\\/\\\/www.pentek.it\\\/it\\\/\"},{\"@type\":\"ListItem\",\"position\":2,\"name\":\"PRODOTTI\",\"item\":\"https:\\\/\\\/www.pentek.it\\\/it\\\/prodotti\\\/\"},{\"@type\":\"ListItem\",\"position\":3,\"name\":\"K-Booster\"}]},{\"@type\":\"WebSite\",\"@id\":\"https:\\\/\\\/www.pentek.it\\\/it\\\/#website\",\"url\":\"https:\\\/\\\/www.pentek.it\\\/it\\\/\",\"name\":\"Pentek Textile Machinery Srl\",\"description\":\"\",\"publisher\":{\"@id\":\"https:\\\/\\\/www.pentek.it\\\/it\\\/#organization\"},\"potentialAction\":[{\"@type\":\"SearchAction\",\"target\":{\"@type\":\"EntryPoint\",\"urlTemplate\":\"https:\\\/\\\/www.pentek.it\\\/it\\\/?s={search_term_string}\"},\"query-input\":{\"@type\":\"PropertyValueSpecification\",\"valueRequired\":true,\"valueName\":\"search_term_string\"}}],\"inLanguage\":\"it-IT\"},{\"@type\":\"Organization\",\"@id\":\"https:\\\/\\\/www.pentek.it\\\/it\\\/#organization\",\"name\":\"Pentek Textile Machinery Srl\",\"url\":\"https:\\\/\\\/www.pentek.it\\\/it\\\/\",\"logo\":{\"@type\":\"ImageObject\",\"inLanguage\":\"it-IT\",\"@id\":\"https:\\\/\\\/www.pentek.it\\\/it\\\/#\\\/schema\\\/logo\\\/image\\\/\",\"url\":\"https:\\\/\\\/www.pentek.it\\\/wp-content\\\/uploads\\\/2021\\\/06\\\/pentek-icon.png\",\"contentUrl\":\"https:\\\/\\\/www.pentek.it\\\/wp-content\\\/uploads\\\/2021\\\/06\\\/pentek-icon.png\",\"width\":512,\"height\":512,\"caption\":\"Pentek Textile Machinery Srl\"},\"image\":{\"@id\":\"https:\\\/\\\/www.pentek.it\\\/it\\\/#\\\/schema\\\/logo\\\/image\\\/\"},\"sameAs\":[\"https:\\\/\\\/www.facebook.com\\\/pentek.it\",\"https:\\\/\\\/www.instagram.com\\\/instapentek\",\"https:\\\/\\\/www.linkedin.com\\\/company\\\/pentek-textile-machinery-srl\\\/\"]}]}<\/script>\n<!-- \/ Yoast SEO plugin. -->","yoast_head_json":{"title":"K-Booster - Pentek Textile Machinery Srl","robots":{"index":"index","follow":"follow","max-snippet":"max-snippet:-1","max-image-preview":"max-image-preview:large","max-video-preview":"max-video-preview:-1"},"canonical":"https:\/\/www.pentek.it\/it\/prodotti\/k-booster\/","og_locale":"it_IT","og_type":"article","og_title":"K-Booster - Pentek Textile Machinery Srl","og_description":"[vc_row][vc_column width=&#8221;1\/1&#8243;][uncode_block id=&#8221;105328&#8243;][\/vc_column][\/vc_row][vc_row unlock_row_content=&#8221;yes&#8221; row_height_percent=&#8221;0&#8243; override_padding=&#8221;yes&#8221; h_padding=&#8221;1&#8243; top_padding=&#8221;0&#8243; bottom_padding=&#8221;0&#8243; overlay_alpha=&#8221;50&#8243; gutter_size=&#8221;3&#8243; column_width_percent=&#8221;100&#8243; shift_y=&#8221;0&#8243; z_index=&#8221;0&#8243; mobile_visibility=&#8221;yes&#8221; uncode_shortcode_id=&#8221;130587&#8243; css=&#8221;.vc_custom_1642522679143{margin-top: 0px !important;margin-bottom: 0px [&hellip;]","og_url":"https:\/\/www.pentek.it\/it\/prodotti\/k-booster\/","og_site_name":"Pentek Textile Machinery Srl","article_publisher":"https:\/\/www.facebook.com\/pentek.it","article_modified_time":"2023-05-09T08:31:48+00:00","twitter_card":"summary_large_image","twitter_misc":{"Tempo di lettura stimato":"4 minuti"},"schema":{"@context":"https:\/\/schema.org","@graph":[{"@type":"WebPage","@id":"https:\/\/www.pentek.it\/it\/prodotti\/k-booster\/","url":"https:\/\/www.pentek.it\/it\/prodotti\/k-booster\/","name":"K-Booster - Pentek Textile Machinery Srl","isPartOf":{"@id":"https:\/\/www.pentek.it\/it\/#website"},"datePublished":"2021-08-27T08:40:59+00:00","dateModified":"2023-05-09T08:31:48+00:00","breadcrumb":{"@id":"https:\/\/www.pentek.it\/it\/prodotti\/k-booster\/#breadcrumb"},"inLanguage":"it-IT","potentialAction":[{"@type":"ReadAction","target":["https:\/\/www.pentek.it\/it\/prodotti\/k-booster\/"]}]},{"@type":"BreadcrumbList","@id":"https:\/\/www.pentek.it\/it\/prodotti\/k-booster\/#breadcrumb","itemListElement":[{"@type":"ListItem","position":1,"name":"Home","item":"https:\/\/www.pentek.it\/it\/"},{"@type":"ListItem","position":2,"name":"PRODOTTI","item":"https:\/\/www.pentek.it\/it\/prodotti\/"},{"@type":"ListItem","position":3,"name":"K-Booster"}]},{"@type":"WebSite","@id":"https:\/\/www.pentek.it\/it\/#website","url":"https:\/\/www.pentek.it\/it\/","name":"Pentek Textile Machinery Srl","description":"","publisher":{"@id":"https:\/\/www.pentek.it\/it\/#organization"},"potentialAction":[{"@type":"SearchAction","target":{"@type":"EntryPoint","urlTemplate":"https:\/\/www.pentek.it\/it\/?s={search_term_string}"},"query-input":{"@type":"PropertyValueSpecification","valueRequired":true,"valueName":"search_term_string"}}],"inLanguage":"it-IT"},{"@type":"Organization","@id":"https:\/\/www.pentek.it\/it\/#organization","name":"Pentek Textile Machinery Srl","url":"https:\/\/www.pentek.it\/it\/","logo":{"@type":"ImageObject","inLanguage":"it-IT","@id":"https:\/\/www.pentek.it\/it\/#\/schema\/logo\/image\/","url":"https:\/\/www.pentek.it\/wp-content\/uploads\/2021\/06\/pentek-icon.png","contentUrl":"https:\/\/www.pentek.it\/wp-content\/uploads\/2021\/06\/pentek-icon.png","width":512,"height":512,"caption":"Pentek Textile Machinery Srl"},"image":{"@id":"https:\/\/www.pentek.it\/it\/#\/schema\/logo\/image\/"},"sameAs":["https:\/\/www.facebook.com\/pentek.it","https:\/\/www.instagram.com\/instapentek","https:\/\/www.linkedin.com\/company\/pentek-textile-machinery-srl\/"]}]}},"_links":{"self":[{"href":"https:\/\/www.pentek.it\/it\/wp-json\/wp\/v2\/pages\/101215","targetHints":{"allow":["GET"]}}],"collection":[{"href":"https:\/\/www.pentek.it\/it\/wp-json\/wp\/v2\/pages"}],"about":[{"href":"https:\/\/www.pentek.it\/it\/wp-json\/wp\/v2\/types\/page"}],"author":[{"embeddable":true,"href":"https:\/\/www.pentek.it\/it\/wp-json\/wp\/v2\/users\/1"}],"replies":[{"embeddable":true,"href":"https:\/\/www.pentek.it\/it\/wp-json\/wp\/v2\/comments?post=101215"}],"version-history":[{"count":2,"href":"https:\/\/www.pentek.it\/it\/wp-json\/wp\/v2\/pages\/101215\/revisions"}],"predecessor-version":[{"id":105619,"href":"https:\/\/www.pentek.it\/it\/wp-json\/wp\/v2\/pages\/101215\/revisions\/105619"}],"up":[{"embeddable":true,"href":"https:\/\/www.pentek.it\/it\/wp-json\/wp\/v2\/pages\/14"}],"wp:attachment":[{"href":"https:\/\/www.pentek.it\/it\/wp-json\/wp\/v2\/media?parent=101215"}],"curies":[{"name":"wp","href":"https:\/\/api.w.org\/{rel}","templated":true}]}}